{"id":2563,"date":"2015-03-10T12:26:15","date_gmt":"2015-03-10T12:26:15","guid":{"rendered":"http:\/\/rm-int.si\/verkaufsprogramm\/gozdarske-prikolice-in-dvigala"},"modified":"2025-01-10T09:58:25","modified_gmt":"2025-01-10T09:58:25","slug":"lumber-anhanger-und-krane","status":"publish","type":"page","link":"https:\/\/rm-int.si\/de\/verkaufsprogramm\/lumber-anhanger-und-krane","title":{"rendered":"Forstprogramm"},"content":{"rendered":"<p>Wir bieten Forstprogramm an, mit dem die Holzernte viel einfacher ist. Um das Holz aus dem Wald herauszuholen, bieten wir Ihnen R\u00fcckezangen mit Dreipunktaufnahme, an denen auch Winde angebracht werden kann. Die Hauptkomponenten der Holzernte sind R\u00fcckewagen und Forstkran, die normalerweise zusammen zu verkaufen sind. Unser Hauptvorzug sind die hochwertigen Materialien, mit denen wir arbeiten. Fast die H\u00e4lfte der Teile wird von Robotern geschwei\u00dft, was die Qualit\u00e4t noch verbessert. Wir sind sehr flexibel was die Anforderungen unserer Kunden angeht. Falls Sie spezielle W\u00fcnsche haben, freuen wir uns, diese zu erf\u00fcllen.<\/p>\n","protected":false},"excerpt":{"rendered":"<p>Wir bieten Forstprogramm an, mit dem die Holzernte viel einfacher ist. Um das Holz aus dem Wald herauszuholen, bieten wir Ihnen R\u00fcckezangen mit Dreipunktaufnahme, an denen auch Winde angebracht werden kann. Die Hauptkomponenten der Holzernte sind R\u00fcckewagen und Forstkran, die normalerweise zusammen zu verkaufen sind. Unser Hauptvorzug sind die hochwertigen Materialien, mit denen wir arbeiten. &hellip;<\/p>\n","protected":false},"author":1,"featured_media":7083,"parent":2555,"menu_order":1,"comment_status":"open","ping_status":"closed","template":"template-gozdarske-prikolice.php","meta":{"_acf_changed":false,"footnotes":""},"class_list":["post-2563","page","type-page","status-publish","has-post-thumbnail","hentry"],"acf":[],"_links":{"self":[{"href":"https:\/\/rm-int.si\/de\/wp-json\/wp\/v2\/pages\/2563","targetHints":{"allow":["GET"]}}],"collection":[{"href":"https:\/\/rm-int.si\/de\/wp-json\/wp\/v2\/pages"}],"about":[{"href":"https:\/\/rm-int.si\/de\/wp-json\/wp\/v2\/types\/page"}],"author":[{"embeddable":true,"href":"https:\/\/rm-int.si\/de\/wp-json\/wp\/v2\/users\/1"}],"replies":[{"embeddable":true,"href":"https:\/\/rm-int.si\/de\/wp-json\/wp\/v2\/comments?post=2563"}],"version-history":[{"count":8,"href":"https:\/\/rm-int.si\/de\/wp-json\/wp\/v2\/pages\/2563\/revisions"}],"predecessor-version":[{"id":7266,"href":"https:\/\/rm-int.si\/de\/wp-json\/wp\/v2\/pages\/2563\/revisions\/7266"}],"up":[{"embeddable":true,"href":"https:\/\/rm-int.si\/de\/wp-json\/wp\/v2\/pages\/2555"}],"wp:featuredmedia":[{"embeddable":true,"href":"https:\/\/rm-int.si\/de\/wp-json\/wp\/v2\/media\/7083"}],"wp:attachment":[{"href":"https:\/\/rm-int.si\/de\/wp-json\/wp\/v2\/media?parent=2563"}],"curies":[{"name":"wp","href":"https:\/\/api.w.org\/{rel}","templated":true}]}}